{"id":2676,"date":"2023-01-31T16:55:20","date_gmt":"2023-01-31T15:55:20","guid":{"rendered":"https:\/\/www.maestrami.com\/chi-siamo\/"},"modified":"2025-12-02T22:33:16","modified_gmt":"2025-12-02T21:33:16","slug":"chi-siamo","status":"publish","type":"page","link":"https:\/\/www.maestrami.com\/es\/chi-siamo\/","title":{"rendered":"El mundo Maestrami"},"content":{"rendered":"\t\t<div data-elementor-type=\"wp-page\" data-elementor-id=\"2676\" class=\"elementor elementor-2676 elementor-1173\">\n\t\t\t\t\t\t<section class=\"elementor-section elementor-top-section elementor-element elementor-element-3ab5b923 rey-flexWrap elementor-section-boxed elementor-section-height-default elementor-section-height-default\" data-id=\"3ab5b923\" data-element_type=\"section\" data-e-type=\"section\">\n\t\t\t\t\t\t<div class=\"elementor-container elementor-column-gap-default\">\n\t\t\t\t\t<div class=\"elementor-column elementor-col-100 elementor-top-column elementor-element elementor-element-3b643b5e\" data-id=\"3b643b5e\" data-element_type=\"column\" data-e-type=\"column\">\n\t\t\t<div class=\"elementor-column-wrap--3b643b5e elementor-widget-wrap elementor-element-populated\">\n\t\t\t\t\t\t<div class=\"elementor-element elementor-element-7cc0d859 elementor-widget elementor-widget-heading\" data-id=\"7cc0d859\" data-element_type=\"widget\" data-e-type=\"widget\" data-widget_type=\"heading.default\">\n\t\t\t\t<div class=\"elementor-widget-container\">\n\t\t\t\t\t<h1 class=\"elementor-heading-title elementor-size-default\">El mundo Maestrami<\/h1>\t\t\t\t<\/div>\n\t\t\t\t<\/div>\n\t\t\t\t<div class=\"elementor-element elementor-element-22891b85 elementor-widget elementor-widget-heading\" data-id=\"22891b85\" data-element_type=\"widget\" data-e-type=\"widget\" data-widget_type=\"heading.default\">\n\t\t\t\t<div class=\"elementor-widget-container\">\n\t\t\t\t\t<h4 class=\"elementor-heading-title elementor-size-default\">Sastrer\u00eda italiana de vanguardia<\/h4>\t\t\t\t<\/div>\n\t\t\t\t<\/div>\n\t\t\t\t<div class=\"elementor-element elementor-element-579db350 elementor-widget-divider--view-line elementor-widget elementor-widget-divider\" data-id=\"579db350\" data-element_type=\"widget\" data-e-type=\"widget\" data-widget_type=\"divider.default\">\n\t\t\t\t<div class=\"elementor-widget-container\">\n\t\t\t\t\t\t\t<div class=\"elementor-divider\">\n\t\t\t<span class=\"elementor-divider-separator\">\n\t\t\t\t\t\t<\/span>\n\t\t<\/div>\n\t\t\t\t\t\t<\/div>\n\t\t\t\t<\/div>\n\t\t\t\t\t<\/div>\n\t\t<\/div>\n\t\t\t\t\t<\/div>\n\t\t<\/section>\n\t\t\t\t<section class=\"elementor-section elementor-top-section elementor-element elementor-element-c05a905 elementor-section-boxed elementor-section-height-default elementor-section-height-default\" data-id=\"c05a905\" data-element_type=\"section\" data-e-type=\"section\">\n\t\t\t\t\t\t<div class=\"elementor-container elementor-column-gap-default\">\n\t\t\t\t\t<div class=\"elementor-column elementor-col-50 elementor-top-column elementor-element elementor-element-f70d0bf\" data-id=\"f70d0bf\" data-element_type=\"column\" data-e-type=\"column\">\n\t\t\t<div class=\"elementor-column-wrap--f70d0bf elementor-widget-wrap elementor-element-populated\">\n\t\t\t\t\t\t<div class=\"elementor-element elementor-element-6fe6e0b elementor-widget elementor-widget-image\" data-id=\"6fe6e0b\" data-element_type=\"widget\" data-e-type=\"widget\" data-widget_type=\"image.default\">\n\t\t\t\t<div class=\"elementor-widget-container\">\n\t\t\t\t\t\t\t\t\t\t\t\t\t\t\t<img fetchpriority=\"high\" decoding=\"async\" width=\"683\" height=\"1024\" src=\"https:\/\/www.maestrami.com\/wp-content\/uploads\/2025\/12\/chi-siamo-maestrami-1-683x1024.jpg\" class=\"attachment-large size-large wp-image-4493\" alt=\"\" srcset=\"https:\/\/www.maestrami.com\/wp-content\/uploads\/2025\/12\/chi-siamo-maestrami-1-683x1024.jpg 683w, https:\/\/www.maestrami.com\/wp-content\/uploads\/2025\/12\/chi-siamo-maestrami-1-200x300.jpg 200w, https:\/\/www.maestrami.com\/wp-content\/uploads\/2025\/12\/chi-siamo-maestrami-1-768x1152.jpg 768w, https:\/\/www.maestrami.com\/wp-content\/uploads\/2025\/12\/chi-siamo-maestrami-1.jpg 1000w\" sizes=\"(max-width: 683px) 100vw, 683px\" \/>\t\t\t\t\t\t\t\t\t\t\t\t\t\t\t<\/div>\n\t\t\t\t<\/div>\n\t\t\t\t\t<\/div>\n\t\t<\/div>\n\t\t\t\t<div class=\"elementor-column elementor-col-50 elementor-top-column elementor-element elementor-element-88438e2\" data-id=\"88438e2\" data-element_type=\"column\" data-e-type=\"column\">\n\t\t\t<div class=\"elementor-column-wrap--88438e2 elementor-widget-wrap elementor-element-populated\">\n\t\t\t\t\t\t<div class=\"elementor-element elementor-element-62da7d0 elementor-widget elementor-widget-image\" data-id=\"62da7d0\" data-element_type=\"widget\" data-e-type=\"widget\" data-widget_type=\"image.default\">\n\t\t\t\t<div class=\"elementor-widget-container\">\n\t\t\t\t\t\t\t\t\t\t\t\t\t\t\t<img decoding=\"async\" width=\"683\" height=\"1024\" src=\"https:\/\/www.maestrami.com\/wp-content\/uploads\/2025\/12\/il-mondo-maestrami-1-683x1024.jpg\" class=\"attachment-large size-large wp-image-4496\" alt=\"\" srcset=\"https:\/\/www.maestrami.com\/wp-content\/uploads\/2025\/12\/il-mondo-maestrami-1-683x1024.jpg 683w, https:\/\/www.maestrami.com\/wp-content\/uploads\/2025\/12\/il-mondo-maestrami-1-200x300.jpg 200w, https:\/\/www.maestrami.com\/wp-content\/uploads\/2025\/12\/il-mondo-maestrami-1-768x1152.jpg 768w, https:\/\/www.maestrami.com\/wp-content\/uploads\/2025\/12\/il-mondo-maestrami-1.jpg 1000w\" sizes=\"(max-width: 683px) 100vw, 683px\" \/>\t\t\t\t\t\t\t\t\t\t\t\t\t\t\t<\/div>\n\t\t\t\t<\/div>\n\t\t\t\t\t<\/div>\n\t\t<\/div>\n\t\t\t\t\t<\/div>\n\t\t<\/section>\n\t\t\t\t<section class=\"elementor-section elementor-top-section elementor-element elementor-element-148cc905 rey-flexWrap elementor-section-boxed elementor-section-height-default elementor-section-height-default\" data-id=\"148cc905\" data-element_type=\"section\" data-e-type=\"section\">\n\t\t\t\t\t\t<div class=\"elementor-container elementor-column-gap-extended\">\n\t\t\t\t\t<div class=\"elementor-column elementor-col-100 elementor-top-column elementor-element elementor-element-67fcef91\" data-id=\"67fcef91\" data-element_type=\"column\" data-e-type=\"column\">\n\t\t\t<div class=\"elementor-column-wrap--67fcef91 elementor-widget-wrap elementor-element-populated\">\n\t\t\t\t\t\t<div class=\"elementor-element elementor-element-1e3d3c02 elementor-widget elementor-widget-text-editor\" data-id=\"1e3d3c02\" data-element_type=\"widget\" data-e-type=\"widget\" data-widget_type=\"text-editor.default\">\n\t\t\t\t<div class=\"elementor-widget-container\">\n\t\t\t\t\t\t\t\t\t<p>Maestrami es una marca de sastrer\u00eda de vanguardia creada mediante la combinaci\u00f3n de l\u00edneas tradicionales mezcladas con reinterpretaciones contempor\u00e1neas, con gran atenci\u00f3n a los detalles que marcan la diferencia.<\/p><p>Quienes quieren tener un outfit fuera de lo com\u00fan para sentirse \u00fanicas, sorprender y realzar no s\u00f3lo su figura sino tambi\u00e9n su car\u00e1cter eligen Maestrami.<\/p><p>A lo largo de los a\u00f1os, la marca Maestrami ha crecido bajo el impulso de Alberto y Carlo, hijos de Francesco, un empresario ilustrado que fund\u00f3 la empresa en 1947 produciendo a gran escala trajes a medida de alta calidad, estrictamente Made in Italy.<\/p><p>Con gran pasi\u00f3n, entusiasmo y compromiso, hoy Luca, Marco y Michele Maestrami, la tercera generaci\u00f3n, dirigen la empresa siguiendo los principios y valores del fundador.<\/p><p>Las Colecciones Maestrami se distribuyen con \u00e9xito tanto a nivel nacional como internacional, resultado que contribuye a dar un fuerte impulso al desarrollo de la marca Maestrami.<\/p>\t\t\t\t\t\t\t\t<\/div>\n\t\t\t\t<\/div>\n\t\t\t\t\t<\/div>\n\t\t<\/div>\n\t\t\t\t\t<\/div>\n\t\t<\/section>\n\t\t\t\t<section class=\"elementor-section elementor-top-section elementor-element elementor-element-f0e3606 elementor-section-boxed elementor-section-height-default elementor-section-height-default\" data-id=\"f0e3606\" data-element_type=\"section\" data-e-type=\"section\">\n\t\t\t\t\t\t<div class=\"elementor-container elementor-column-gap-default\">\n\t\t\t\t\t<div class=\"elementor-column elementor-col-100 elementor-top-column elementor-element elementor-element-72fe28a4\" data-id=\"72fe28a4\" data-element_type=\"column\" data-e-type=\"column\">\n\t\t\t<div class=\"elementor-column-wrap--72fe28a4 elementor-widget-wrap elementor-element-populated\">\n\t\t\t\t\t\t<div class=\"elementor-element elementor-element-57078ee elementor-widget__width-auto elementor-hidden-phone elementor-widget-divider--view-line elementor-widget elementor-widget-divider\" data-id=\"57078ee\" data-element_type=\"widget\" data-e-type=\"widget\" data-widget_type=\"divider.default\">\n\t\t\t\t<div class=\"elementor-widget-container\">\n\t\t\t\t\t\t\t<div class=\"elementor-divider\">\n\t\t\t<span class=\"elementor-divider-separator\">\n\t\t\t\t\t\t<\/span>\n\t\t<\/div>\n\t\t\t\t\t\t<\/div>\n\t\t\t\t<\/div>\n\t\t\t\t<div class=\"elementor-element elementor-element-2e510094 elementor-widget__width-initial elementor-widget elementor-widget-heading\" data-id=\"2e510094\" data-element_type=\"widget\" data-e-type=\"widget\" data-widget_type=\"heading.default\">\n\t\t\t\t<div class=\"elementor-widget-container\">\n\t\t\t\t\t<h3 class=\"elementor-heading-title elementor-size-xl\">El esp\u00edritu de las colecciones Maestrami<\/h3>\t\t\t\t<\/div>\n\t\t\t\t<\/div>\n\t\t\t\t\t<\/div>\n\t\t<\/div>\n\t\t\t\t\t<\/div>\n\t\t<\/section>\n\t\t\t\t<section class=\"elementor-section elementor-top-section elementor-element elementor-element-04ab8d7 rey-flexWrap elementor-section-boxed elementor-section-height-default elementor-section-height-default\" data-id=\"04ab8d7\" data-element_type=\"section\" data-e-type=\"section\">\n\t\t\t\t\t\t<div class=\"elementor-container elementor-column-gap-extended\">\n\t\t\t\t\t<div class=\"elementor-column elementor-col-100 elementor-top-column elementor-element elementor-element-22ecefa\" data-id=\"22ecefa\" data-element_type=\"column\" data-e-type=\"column\">\n\t\t\t<div class=\"elementor-column-wrap--22ecefa elementor-widget-wrap elementor-element-populated\">\n\t\t\t\t\t\t<div class=\"elementor-element elementor-element-64c7f7b elementor-widget elementor-widget-text-editor\" data-id=\"64c7f7b\" data-element_type=\"widget\" data-e-type=\"widget\" data-widget_type=\"text-editor.default\">\n\t\t\t\t<div class=\"elementor-widget-container\">\n\t\t\t\t\t\t\t\t\t<p>Maestrami es la l\u00ednea cl\u00e1sica para quienes aman la elegancia, la clase y la exclusividad.<\/p><p>Maestrami Cerimonia ofrece un look total creativo que celebra un estilo y un detalle sartorial \u00fanicos e inconfundibles.<\/p>\t\t\t\t\t\t\t\t<\/div>\n\t\t\t\t<\/div>\n\t\t\t\t<div class=\"elementor-element elementor-element-baa7677 elementor-widget elementor-widget-image\" data-id=\"baa7677\" data-element_type=\"widget\" data-e-type=\"widget\" data-widget_type=\"image.default\">\n\t\t\t\t<div class=\"elementor-widget-container\">\n\t\t\t\t\t\t\t\t\t\t\t\t\t\t\t<img decoding=\"async\" width=\"874\" height=\"1024\" src=\"https:\/\/www.maestrami.com\/wp-content\/uploads\/2024\/10\/il-mondo-maestrami-2025-03.jpg\" class=\"attachment-large size-large wp-image-3435\" alt=\"\" srcset=\"https:\/\/www.maestrami.com\/wp-content\/uploads\/2024\/10\/il-mondo-maestrami-2025-03.jpg 874w, https:\/\/www.maestrami.com\/wp-content\/uploads\/2024\/10\/il-mondo-maestrami-2025-03-256x300.jpg 256w, https:\/\/www.maestrami.com\/wp-content\/uploads\/2024\/10\/il-mondo-maestrami-2025-03-768x900.jpg 768w\" sizes=\"(max-width: 874px) 100vw, 874px\" \/>\t\t\t\t\t\t\t\t\t\t\t\t\t\t\t<\/div>\n\t\t\t\t<\/div>\n\t\t\t\t\t<\/div>\n\t\t<\/div>\n\t\t\t\t\t<\/div>\n\t\t<\/section>\n\t\t\t\t<\/div>\n\t\t","protected":false},"excerpt":{"rendered":"<p>El mundo Maestrami Sastrer\u00eda italiana de vanguardia Maestrami es una marca de sastrer\u00eda de vanguardia creada mediante la combinaci\u00f3n de l\u00edneas tradicionales mezcladas con reinterpretaciones contempor\u00e1neas, con gran atenci\u00f3n a los detalles que marcan la diferencia. Quienes quieren tener un outfit fuera de lo com\u00fan para sentirse \u00fanicas, sorprender y realzar no s\u00f3lo su figura [&hellip;]<\/p>\n","protected":false},"author":4,"featured_media":0,"parent":0,"menu_order":0,"comment_status":"closed","ping_status":"closed","template":"template-builder.php","meta":{"_acf_changed":false,"footnotes":""},"class_list":["post-2676","page","type-page","status-publish","hentry"],"acf":[],"_links":{"self":[{"href":"https:\/\/www.maestrami.com\/es\/wp-json\/wp\/v2\/pages\/2676","targetHints":{"allow":["GET"]}}],"collection":[{"href":"https:\/\/www.maestrami.com\/es\/wp-json\/wp\/v2\/pages"}],"about":[{"href":"https:\/\/www.maestrami.com\/es\/wp-json\/wp\/v2\/types\/page"}],"author":[{"embeddable":true,"href":"https:\/\/www.maestrami.com\/es\/wp-json\/wp\/v2\/users\/4"}],"replies":[{"embeddable":true,"href":"https:\/\/www.maestrami.com\/es\/wp-json\/wp\/v2\/comments?post=2676"}],"version-history":[{"count":16,"href":"https:\/\/www.maestrami.com\/es\/wp-json\/wp\/v2\/pages\/2676\/revisions"}],"predecessor-version":[{"id":4546,"href":"https:\/\/www.maestrami.com\/es\/wp-json\/wp\/v2\/pages\/2676\/revisions\/4546"}],"wp:attachment":[{"href":"https:\/\/www.maestrami.com\/es\/wp-json\/wp\/v2\/media?parent=2676"}],"curies":[{"name":"wp","href":"https:\/\/api.w.org\/{rel}","templated":true}]}}