{"id":2668,"date":"2023-10-27T12:51:28","date_gmt":"2023-10-27T10:51:28","guid":{"rendered":"https:\/\/www.maestrami.com\/cookies-policy\/"},"modified":"2023-10-31T11:45:50","modified_gmt":"2023-10-31T10:45:50","slug":"cookies-policy","status":"publish","type":"page","link":"https:\/\/www.maestrami.com\/es\/cookies-policy\/","title":{"rendered":"Pol\u00edtica de cookies"},"content":{"rendered":"\t\t<div data-elementor-type=\"wp-page\" data-elementor-id=\"2668\" class=\"elementor elementor-2668 elementor-1905\">\n\t\t\t\t\t\t<section class=\"elementor-section elementor-top-section elementor-element elementor-element-bfb6beb rey-flexWrap elementor-section-boxed elementor-section-height-default elementor-section-height-default\" data-id=\"bfb6beb\" data-element_type=\"section\" data-e-type=\"section\">\n\t\t\t\t\t\t<div class=\"elementor-container elementor-column-gap-default\">\n\t\t\t\t\t<div class=\"elementor-column elementor-col-50 elementor-top-column elementor-element elementor-element-4d45fb8\" data-id=\"4d45fb8\" data-element_type=\"column\" data-e-type=\"column\">\n\t\t\t<div class=\"elementor-column-wrap--4d45fb8 elementor-widget-wrap elementor-element-populated\">\n\t\t\t\t\t\t<div class=\"elementor-element elementor-element-d29a1f5 elementor-widget elementor-widget-heading\" data-id=\"d29a1f5\" data-element_type=\"widget\" data-e-type=\"widget\" data-widget_type=\"heading.default\">\n\t\t\t\t<div class=\"elementor-widget-container\">\n\t\t\t\t\t<h1 class=\"elementor-heading-title elementor-size-default\">Pol\u00edtica de cookies<\/h1>\t\t\t\t<\/div>\n\t\t\t\t<\/div>\n\t\t\t\t<div class=\"elementor-element elementor-element-46f0c06 elementor-widget elementor-widget-heading\" data-id=\"46f0c06\" data-element_type=\"widget\" data-e-type=\"widget\" data-widget_type=\"heading.default\">\n\t\t\t\t<div class=\"elementor-widget-container\">\n\t\t\t\t\t<h4 class=\"elementor-heading-title elementor-size-default\">Work in progress..<\/h4>\t\t\t\t<\/div>\n\t\t\t\t<\/div>\n\t\t\t\t<div class=\"elementor-element elementor-element-17e8ab5 elementor-widget-divider--view-line elementor-widget elementor-widget-divider\" data-id=\"17e8ab5\" data-element_type=\"widget\" data-e-type=\"widget\" data-widget_type=\"divider.default\">\n\t\t\t\t<div class=\"elementor-widget-container\">\n\t\t\t\t\t\t\t<div class=\"elementor-divider\">\n\t\t\t<span class=\"elementor-divider-separator\">\n\t\t\t\t\t\t<\/span>\n\t\t<\/div>\n\t\t\t\t\t\t<\/div>\n\t\t\t\t<\/div>\n\t\t\t\t\t<\/div>\n\t\t<\/div>\n\t\t\t\t<div class=\"elementor-column elementor-col-50 elementor-top-column elementor-element elementor-element-1dc0b9f\" data-id=\"1dc0b9f\" data-element_type=\"column\" data-e-type=\"column\">\n\t\t\t<div class=\"elementor-column-wrap--1dc0b9f elementor-widget-wrap elementor-element-populated\">\n\t\t\t\t\t\t<div class=\"elementor-element elementor-element-d3c1d2d elementor-widget elementor-widget-text-editor\" data-id=\"d3c1d2d\" data-element_type=\"widget\" data-e-type=\"widget\" data-widget_type=\"text-editor.default\">\n\t\t\t\t<div class=\"elementor-widget-container\">\n\t\t\t\t\t\t\t\t\t<p style=\"text-align: center;\">Secci\u00f3n en proceso de actualizaci\u00f3n.<\/p>\t\t\t\t\t\t\t\t<\/div>\n\t\t\t\t<\/div>\n\t\t\t\t\t<\/div>\n\t\t<\/div>\n\t\t\t\t\t<\/div>\n\t\t<\/section>\n\t\t\t\t<\/div>\n\t\t","protected":false},"excerpt":{"rendered":"<p>Pol\u00edtica de cookies Work in progress.. Secci\u00f3n en proceso de actualizaci\u00f3n.<\/p>\n","protected":false},"author":4,"featured_media":0,"parent":0,"menu_order":0,"comment_status":"closed","ping_status":"closed","template":"template-builder-stretch.php","meta":{"_acf_changed":false,"footnotes":""},"class_list":["post-2668","page","type-page","status-publish","hentry"],"acf":[],"_links":{"self":[{"href":"https:\/\/www.maestrami.com\/es\/wp-json\/wp\/v2\/pages\/2668","targetHints":{"allow":["GET"]}}],"collection":[{"href":"https:\/\/www.maestrami.com\/es\/wp-json\/wp\/v2\/pages"}],"about":[{"href":"https:\/\/www.maestrami.com\/es\/wp-json\/wp\/v2\/types\/page"}],"author":[{"embeddable":true,"href":"https:\/\/www.maestrami.com\/es\/wp-json\/wp\/v2\/users\/4"}],"replies":[{"embeddable":true,"href":"https:\/\/www.maestrami.com\/es\/wp-json\/wp\/v2\/comments?post=2668"}],"version-history":[{"count":4,"href":"https:\/\/www.maestrami.com\/es\/wp-json\/wp\/v2\/pages\/2668\/revisions"}],"predecessor-version":[{"id":2806,"href":"https:\/\/www.maestrami.com\/es\/wp-json\/wp\/v2\/pages\/2668\/revisions\/2806"}],"wp:attachment":[{"href":"https:\/\/www.maestrami.com\/es\/wp-json\/wp\/v2\/media?parent=2668"}],"curies":[{"name":"wp","href":"https:\/\/api.w.org\/{rel}","templated":true}]}}